{"id":658,"date":"2022-01-25T11:47:50","date_gmt":"2022-01-25T10:47:50","guid":{"rendered":"https:\/\/www.jangodec.com\/vabila\/?page_id=658"},"modified":"2022-01-26T08:28:54","modified_gmt":"2022-01-26T07:28:54","slug":"primer","status":"publish","type":"page","link":"https:\/\/www.jangodec.com\/vabila\/primer\/","title":{"rendered":"PRIMER David in Julija"},"content":{"rendered":"<p><section class=\"kc-elm kc-css-894365 kc_row\"><div class=\"kc-row-container  kc-container\"><div class=\"kc-wrap-columns\"><div class=\"kc-elm kc-css-777626 kc_col-sm-12 kc_column kc_col-sm-12\"><div class=\"kc-col-container\"><div class=\"kc-elm kc-css-594900 kc-raw-code\"><header id=\"header\" class=\"site-header header-style-1\"><div class=\"topbar\"><div class=\"col col-xs-12\"><div class=\"site-logo\"><h1>David &amp; Julija<\/h1><span>Poro\u010dno vabilo<\/span><\/div><\/div><\/div><\/header><\/div><\/div><\/div><\/div><\/div><\/section><section data-kc-fullwidth=\"content\" class=\"kc-elm kc-css-42388 kc_row\"><div class=\"kc-row-container\"><div class=\"kc-wrap-columns\"><div class=\"kc-elm kc-css-952503 kc_col-sm-12 kc_column kc_col-sm-12\"><div class=\"kc-col-container\">    <!-- start of hero -->\n    <section class=\"hero-slider  hero-slider-69ea0a3949f60  hero-style-1 \">\n        <div class=\"swiper-container\">\n            <div class=\"slide-main-text\">\n                <div class=\"container\">\n                                      <div class=\"slide-title\">\n                        <h2>David &amp; Julija<\/h2>\n                    <\/div>\n                                      <div class=\"wedding-date\">\n                        <span>15 Jul 2023<\/span>\n                    <\/div>\n                                      <div class=\"clearfix\"><\/div>\n                    <div class=\"count-down-clock\">\n                        <div id=\"clock\" data-date=\"2023\/07\/15\"><\/div>\n                    <\/div>\n                                  <\/div>\n                <div class=\"pattern\">\n                    <span><\/span>\n                    <span><\/span>\n                    <span><\/span>\n                    <span><\/span>\n                    <span><\/span>\n                <\/div>\n            <\/div>\n            <div class=\"swiper-wrapper\">\n                              <div class=\"swiper-slide\">\n                    <div class=\"slide-inner slide-bg-image\" data-background=\"https:\/\/www.jangodec.com\/vabila\/wp-content\/uploads\/2022\/01\/vabila-za-poroke.jpg\"><\/div>\n                <\/div><!-- end swiper-slide --> \n                               <div class=\"swiper-slide\">\n                    <div class=\"slide-inner slide-bg-image\" data-background=\"https:\/\/www.jangodec.com\/vabila\/wp-content\/uploads\/2022\/01\/spletno-vabilo.jpg\"><\/div>\n                <\/div><!-- end swiper-slide --> \n                               <div class=\"swiper-slide\">\n                    <div class=\"slide-inner slide-bg-image\" data-background=\"https:\/\/www.jangodec.com\/vabila\/wp-content\/uploads\/2022\/01\/poroke-in-vabila.jpg\"><\/div>\n                <\/div><!-- end swiper-slide --> \n                           <\/div>\n            <!-- end swiper-wrapper -->\n\n            <!-- swipper controls -->\n            <div class=\"swiper-pagination\"><\/div>\n            <div class=\"swiper-button-next\"><\/div>\n            <div class=\"swiper-button-prev\"><\/div>\n        <\/div>\n             <\/section>\n    <!-- end of hero slider -->\n  <\/div><\/div><\/div><\/div><\/section><section class=\"kc-elm kc-css-510532 kc_row\"><div class=\"kc-row-container  kc-container\"><div class=\"kc-wrap-columns\"><div class=\"kc-elm kc-css-102222 kc_col-sm-12 kc_column kc_col-sm-12\"><div class=\"kc-col-container\">   <div class=\"jolly-title-area  jolly-title-area-69ea0a394a562\">\r\n     <div class=\"row\">\r\n        <div class=\"col col-lg-6 col-lg-offset-3 col-md-8 col-md-offset-2 col-sm-10 col-sm-offset-1\">\r\n          <div class=\"section-title\">\r\n                                <h2>Sre\u010dno zaljubljena<\/h2>\r\n                         <\/div>\r\n        <\/div>\r\n     <\/div>\r\n  <\/div>\r\n   <\/div><\/div><\/div><\/div><\/section><section class=\"kc-elm kc-css-133802 kc_row\"><div class=\"kc-row-container  kc-container\"><div class=\"kc-wrap-columns\"><div class=\"kc-elm kc-css-52442 kc_col-sm-12 kc_column kc_col-sm-12\"><div class=\"kc-col-container\">    <div class=\"couple-section  couple-section--69ea0a394a7a6\">\r\n        <div class=\"row\">\r\n            <div class=\"col col-lg-10 col-lg-offset-1\">\r\n                <div class=\"couple-area\">\r\n                    <div class=\"couple-row clearfix\">\r\n                                              <div class=\"img-holder\">\r\n                            <img decoding=\"async\" src=\"https:\/\/www.jangodec.com\/vabila\/wp-content\/uploads\/2022\/01\/moderna-vabila-za-poroke.jpg\" alt=\"\">\r\n                        <\/div>\r\n                                              <div class=\"details\">\r\n                            <div class=\"inner\">\r\n                              <h2>Julija Horvat<\/h2><h4>Nevesta<\/h4><p>Lepa mlada Konji\u010danka, dobre postave, vedno nasmejanih ust, \u017ee komaj \u010daka da bo lahko zablestela v belem, ko jo princ na belem konju iz Vitanja odpelje na krilih ve\u010dne ljubezni.<\/p>                            <\/div>\r\n                        <\/div>\r\n                    <\/div>\r\n                    <div class=\"couple-row last-row clearfix\">\r\n                        <div class=\"details\">\r\n                            <div class=\"inner\">\r\n                              <h2>David Belak<\/h2><h4>\u017denin<\/h4><p>Vesel Vitanj\u010dan, vzorno vzgojen, vedno lepo urejen, pravi kme\u010dki fant, skratka ima ves potencial, da postane dober in ljube\u010d mo\u017e... po doma\u010de - tak\u0161nega pubeca si vsaka ta\u0161\u010da \u017eeli za zeta!<\/p>                            <\/div>\r\n                        <\/div>\r\n                                              <div class=\"img-holder\">\r\n                           <img decoding=\"async\" src=\"https:\/\/www.jangodec.com\/vabila\/wp-content\/uploads\/2022\/01\/porocna-vabila-moderna.jpg\" alt=\"\">\r\n                        <\/div>\r\n                                          <\/div>\r\n                <\/div>\r\n            <\/div>\r\n        <\/div>\r\n    <\/div>\r\n\t\t<\/div><\/div><\/div><\/div><\/section><section class=\"kc-elm kc-css-765106 kc_row\"><div class=\"kc-row-container  kc-container\"><div class=\"kc-wrap-columns\"><div class=\"kc-elm kc-css-255636 kc_col-sm-12 kc_column kc_col-sm-12\"><div class=\"kc-col-container\">   <div class=\"jolly-title-area  jolly-title-area-69ea0a394ac48\">\r\n     <div class=\"row\">\r\n        <div class=\"col col-lg-6 col-lg-offset-3 col-md-8 col-md-offset-2 col-sm-10 col-sm-offset-1\">\r\n          <div class=\"section-title\">\r\n                                <h2>Potek dogajanja<\/h2>\r\n                         <\/div>\r\n        <\/div>\r\n     <\/div>\r\n  <\/div>\r\n       <div class=\"story-section  story-section-69ea0a394acbc \">\r\n      <div class=\"row\">\r\n          <div class=\"col col-lg-10 col-lg-offset-1\">\r\n              <div class=\"story-block\">\r\n                  <ul>\r\n                                          <li>\r\n                            <div class=\"details\">\r\n                                <h3>Cerkveni obred<\/h3>\r\n                                <span class=\"date\">15:00<\/span>\r\n                                <p>Cerkev Svetega Jurija v Slovenskih Konjicah. Cerkev z du\u0161o, rimskokatoli\u0161kih korenin.<\/p>\r\n                            <\/div>\r\n                            <div class=\"img-holder\">\r\n                                <img decoding=\"async\" src=\"https:\/\/www.jangodec.com\/vabila\/wp-content\/uploads\/2022\/01\/cerkveni-porocni-obred.png\" alt=\"Cerkveni poro\u010dni obred\">\r\n                            <\/div>\r\n                        <\/li>\r\n                                              <li>\r\n                          <div class=\"img-holder\">\r\n                              <img decoding=\"async\" src=\"https:\/\/www.jangodec.com\/vabila\/wp-content\/uploads\/2022\/01\/civilni-obred-poroka.png\" alt=\"Civilni obred poroka\">\r\n                          <\/div>\r\n                          <div class=\"details\">\r\n                              <h3>Civilni obred<\/h3>\r\n                              <span class=\"date\">17:00<\/span>\r\n                              <p>Na mati\u010dnem uradu v Slovenskih konjicah ve\u010dno zvestobo bova \u0161e uradno potrdila ... in potem ni ve\u010d poti nazaj... sledi samo \u0161e dober \u017eur do jutranjih ur!<\/p>\r\n                          <\/div>\r\n                        <\/li>\r\n                                                <li>\r\n                            <div class=\"details\">\r\n                                <h3>Ve\u010derja<\/h3>\r\n                                <span class=\"date\">19:00<\/span>\r\n                                <p>Na posestvu Zlati Gri\u010d nas bodo razvajali z vrhunsko kulinariko ter odli\u010dno vinsko in glasbeno spremljavo. Izjemen razgled in son\u010dni zahod s pridihom prostranih vinskih trt. <\/p>\r\n                            <\/div>\r\n                            <div class=\"img-holder\">\r\n                                <img decoding=\"async\" src=\"https:\/\/www.jangodec.com\/vabila\/wp-content\/uploads\/2022\/01\/porocno-slavje-in-vecerja.png\" alt=\"Poro\u010dno slavje in ve\u010derja\">\r\n                            <\/div>\r\n                        <\/li>\r\n                                              <li>\r\n                          <div class=\"img-holder\">\r\n                              <img decoding=\"async\" src=\"https:\/\/www.jangodec.com\/vabila\/wp-content\/uploads\/2022\/01\/porocna-torta.png\" alt=\"Poro\u010dna torta\">\r\n                          <\/div>\r\n                          <div class=\"details\">\r\n                              <h3>Torta<\/h3>\r\n                              <span class=\"date\">00:00<\/span>\r\n                              <p>Za piko na i, se nekaj sladkega dobi.<\/p>\r\n                          <\/div>\r\n                        <\/li>\r\n                                          <\/ul>\r\n              <\/div>\r\n          <\/div>\r\n      <\/div>\r\n  <\/div>\r\n <\/div><\/div><\/div><\/div><\/section><section class=\"kc-elm kc-css-576221 kc_row\"><div class=\"kc-row-container  kc-container\"><div class=\"kc-wrap-columns\"><div class=\"kc-elm kc-css-181740 kc_col-sm-12 kc_column kc_col-sm-12\"><div class=\"kc-col-container\">   <div class=\"jolly-title-area  jolly-title-area-69ea0a394b34b\">\r\n     <div class=\"row\">\r\n        <div class=\"col col-lg-6 col-lg-offset-3 col-md-8 col-md-offset-2 col-sm-10 col-sm-offset-1\">\r\n          <div class=\"section-title\">\r\n                                <h2>Galerija fotografij<\/h2>\r\n                         <\/div>\r\n        <\/div>\r\n     <\/div>\r\n  <\/div>\r\n   <div class=\"kc-image-gallery kc-elm kc-css-167883\">\n<div class=\"kc_image_gallery kc-carousel-image kc-grid \" data-image_masonry=\"yes\">\n<div class=\"item-grid grid-3\"><a class=\"kc-image-link kc-pretty-photo\" data-lightbox=\"kc-lightbox\" rel=\"kc-pretty-photo[32076069]\" href=\"https:\/\/www.jangodec.com\/vabila\/wp-content\/uploads\/2022\/01\/digitalna-moderna-vabila.jpg\"><img decoding=\"async\" src=\"https:\/\/www.jangodec.com\/vabila\/wp-content\/uploads\/2022\/01\/digitalna-moderna-vabila.jpg\" alt=\"\"\/><\/a><\/div><div class=\"item-grid grid-3\"><a class=\"kc-image-link kc-pretty-photo\" data-lightbox=\"kc-lightbox\" rel=\"kc-pretty-photo[32076069]\" href=\"https:\/\/www.jangodec.com\/vabila\/wp-content\/uploads\/2022\/01\/digitalna-vabila.jpg\"><img decoding=\"async\" src=\"https:\/\/www.jangodec.com\/vabila\/wp-content\/uploads\/2022\/01\/digitalna-vabila.jpg\" alt=\"\"\/><\/a><\/div><div class=\"item-grid grid-3\"><a class=\"kc-image-link kc-pretty-photo\" data-lightbox=\"kc-lightbox\" rel=\"kc-pretty-photo[32076069]\" href=\"https:\/\/www.jangodec.com\/vabila\/wp-content\/uploads\/2022\/01\/digitalna-vabila-za-poroke.jpg\"><img decoding=\"async\" src=\"https:\/\/www.jangodec.com\/vabila\/wp-content\/uploads\/2022\/01\/digitalna-vabila-za-poroke.jpg\" alt=\"\"\/><\/a><\/div><div class=\"item-grid grid-3\"><a class=\"kc-image-link kc-pretty-photo\" data-lightbox=\"kc-lightbox\" rel=\"kc-pretty-photo[32076069]\" href=\"https:\/\/www.jangodec.com\/vabila\/wp-content\/uploads\/2022\/01\/e-vabila.jpg\"><img decoding=\"async\" src=\"https:\/\/www.jangodec.com\/vabila\/wp-content\/uploads\/2022\/01\/e-vabila.jpg\" alt=\"\"\/><\/a><\/div><div class=\"item-grid grid-3\"><a class=\"kc-image-link kc-pretty-photo\" data-lightbox=\"kc-lightbox\" rel=\"kc-pretty-photo[32076069]\" href=\"https:\/\/www.jangodec.com\/vabila\/wp-content\/uploads\/2022\/01\/e-vabila-na-spletu.jpg\"><img decoding=\"async\" src=\"https:\/\/www.jangodec.com\/vabila\/wp-content\/uploads\/2022\/01\/e-vabila-na-spletu.jpg\" alt=\"\"\/><\/a><\/div><div class=\"item-grid grid-3\"><a class=\"kc-image-link kc-pretty-photo\" data-lightbox=\"kc-lightbox\" rel=\"kc-pretty-photo[32076069]\" href=\"https:\/\/www.jangodec.com\/vabila\/wp-content\/uploads\/2022\/01\/e-vabila-za-poroke.jpg\"><img decoding=\"async\" src=\"https:\/\/www.jangodec.com\/vabila\/wp-content\/uploads\/2022\/01\/e-vabila-za-poroke.jpg\" alt=\"\"\/><\/a><\/div><div class=\"item-grid grid-3\"><a class=\"kc-image-link kc-pretty-photo\" data-lightbox=\"kc-lightbox\" rel=\"kc-pretty-photo[32076069]\" href=\"https:\/\/www.jangodec.com\/vabila\/wp-content\/uploads\/2022\/01\/inovativna-vabila.jpg\"><img decoding=\"async\" src=\"https:\/\/www.jangodec.com\/vabila\/wp-content\/uploads\/2022\/01\/inovativna-vabila.jpg\" alt=\"\"\/><\/a><\/div><div class=\"item-grid grid-3\"><a class=\"kc-image-link kc-pretty-photo\" data-lightbox=\"kc-lightbox\" rel=\"kc-pretty-photo[32076069]\" href=\"https:\/\/www.jangodec.com\/vabila\/wp-content\/uploads\/2022\/01\/jan-godec-e-vabila.jpg\"><img decoding=\"async\" src=\"https:\/\/www.jangodec.com\/vabila\/wp-content\/uploads\/2022\/01\/jan-godec-e-vabila.jpg\" alt=\"\"\/><\/a><\/div><div class=\"item-grid grid-3\"><a class=\"kc-image-link kc-pretty-photo\" data-lightbox=\"kc-lightbox\" rel=\"kc-pretty-photo[32076069]\" href=\"https:\/\/www.jangodec.com\/vabila\/wp-content\/uploads\/2022\/01\/moderna-vabila-za-poroke.jpg\"><img decoding=\"async\" src=\"https:\/\/www.jangodec.com\/vabila\/wp-content\/uploads\/2022\/01\/moderna-vabila-za-poroke.jpg\" alt=\"\"\/><\/a><\/div><div class=\"item-grid grid-3\"><a class=\"kc-image-link kc-pretty-photo\" data-lightbox=\"kc-lightbox\" rel=\"kc-pretty-photo[32076069]\" href=\"https:\/\/www.jangodec.com\/vabila\/wp-content\/uploads\/2022\/01\/online-moderna-e-vabila.jpg\"><img decoding=\"async\" src=\"https:\/\/www.jangodec.com\/vabila\/wp-content\/uploads\/2022\/01\/online-moderna-e-vabila.jpg\" alt=\"\"\/><\/a><\/div><div class=\"item-grid grid-3\"><a class=\"kc-image-link kc-pretty-photo\" data-lightbox=\"kc-lightbox\" rel=\"kc-pretty-photo[32076069]\" href=\"https:\/\/www.jangodec.com\/vabila\/wp-content\/uploads\/2022\/01\/online-vabila.jpg\"><img decoding=\"async\" src=\"https:\/\/www.jangodec.com\/vabila\/wp-content\/uploads\/2022\/01\/online-vabila.jpg\" alt=\"\"\/><\/a><\/div><div class=\"item-grid grid-3\"><a class=\"kc-image-link kc-pretty-photo\" data-lightbox=\"kc-lightbox\" rel=\"kc-pretty-photo[32076069]\" href=\"https:\/\/www.jangodec.com\/vabila\/wp-content\/uploads\/2022\/01\/porocna-e-vabila.jpg\"><img decoding=\"async\" src=\"https:\/\/www.jangodec.com\/vabila\/wp-content\/uploads\/2022\/01\/porocna-e-vabila.jpg\" alt=\"\"\/><\/a><\/div><div class=\"item-grid grid-3\"><a class=\"kc-image-link kc-pretty-photo\" data-lightbox=\"kc-lightbox\" rel=\"kc-pretty-photo[32076069]\" href=\"https:\/\/www.jangodec.com\/vabila\/wp-content\/uploads\/2022\/01\/porocna-fotografija-evabila.jpg\"><img decoding=\"async\" src=\"https:\/\/www.jangodec.com\/vabila\/wp-content\/uploads\/2022\/01\/porocna-fotografija-evabila.jpg\" alt=\"\"\/><\/a><\/div><div class=\"item-grid grid-3\"><a class=\"kc-image-link kc-pretty-photo\" data-lightbox=\"kc-lightbox\" rel=\"kc-pretty-photo[32076069]\" href=\"https:\/\/www.jangodec.com\/vabila\/wp-content\/uploads\/2022\/01\/porocna-online-vabila.jpg\"><img decoding=\"async\" src=\"https:\/\/www.jangodec.com\/vabila\/wp-content\/uploads\/2022\/01\/porocna-online-vabila.jpg\" alt=\"\"\/><\/a><\/div><div class=\"item-grid grid-3\"><a class=\"kc-image-link kc-pretty-photo\" data-lightbox=\"kc-lightbox\" rel=\"kc-pretty-photo[32076069]\" href=\"https:\/\/www.jangodec.com\/vabila\/wp-content\/uploads\/2022\/01\/porocna-vabila-moderna.jpg\"><img decoding=\"async\" src=\"https:\/\/www.jangodec.com\/vabila\/wp-content\/uploads\/2022\/01\/porocna-vabila-moderna.jpg\" alt=\"\"\/><\/a><\/div><div class=\"item-grid grid-3\"><a class=\"kc-image-link kc-pretty-photo\" data-lightbox=\"kc-lightbox\" rel=\"kc-pretty-photo[32076069]\" href=\"https:\/\/www.jangodec.com\/vabila\/wp-content\/uploads\/2022\/01\/poroke-in-vabila.jpg\"><img decoding=\"async\" src=\"https:\/\/www.jangodec.com\/vabila\/wp-content\/uploads\/2022\/01\/poroke-in-vabila.jpg\" alt=\"\"\/><\/a><\/div><div class=\"item-grid grid-3\"><a class=\"kc-image-link kc-pretty-photo\" data-lightbox=\"kc-lightbox\" rel=\"kc-pretty-photo[32076069]\" href=\"https:\/\/www.jangodec.com\/vabila\/wp-content\/uploads\/2022\/01\/spletna-vabila.jpg\"><img decoding=\"async\" src=\"https:\/\/www.jangodec.com\/vabila\/wp-content\/uploads\/2022\/01\/spletna-vabila.jpg\" alt=\"\"\/><\/a><\/div><div class=\"item-grid grid-3\"><a class=\"kc-image-link kc-pretty-photo\" data-lightbox=\"kc-lightbox\" rel=\"kc-pretty-photo[32076069]\" href=\"https:\/\/www.jangodec.com\/vabila\/wp-content\/uploads\/2022\/01\/spletna-vabila-za-poroke.jpg\"><img decoding=\"async\" src=\"https:\/\/www.jangodec.com\/vabila\/wp-content\/uploads\/2022\/01\/spletna-vabila-za-poroke.jpg\" alt=\"\"\/><\/a><\/div><div class=\"item-grid grid-3\"><a class=\"kc-image-link kc-pretty-photo\" data-lightbox=\"kc-lightbox\" rel=\"kc-pretty-photo[32076069]\" href=\"https:\/\/www.jangodec.com\/vabila\/wp-content\/uploads\/2022\/01\/spletno-vabilo.jpg\"><img decoding=\"async\" src=\"https:\/\/www.jangodec.com\/vabila\/wp-content\/uploads\/2022\/01\/spletno-vabilo.jpg\" alt=\"\"\/><\/a><\/div><div class=\"item-grid grid-3\"><a class=\"kc-image-link kc-pretty-photo\" data-lightbox=\"kc-lightbox\" rel=\"kc-pretty-photo[32076069]\" href=\"https:\/\/www.jangodec.com\/vabila\/wp-content\/uploads\/2022\/01\/vabila-na-spletu.jpg\"><img decoding=\"async\" src=\"https:\/\/www.jangodec.com\/vabila\/wp-content\/uploads\/2022\/01\/vabila-na-spletu.jpg\" alt=\"\"\/><\/a><\/div><div class=\"item-grid grid-3\"><a class=\"kc-image-link kc-pretty-photo\" data-lightbox=\"kc-lightbox\" rel=\"kc-pretty-photo[32076069]\" href=\"https:\/\/www.jangodec.com\/vabila\/wp-content\/uploads\/2022\/01\/vabila-za-poroke.jpg\"><img decoding=\"async\" src=\"https:\/\/www.jangodec.com\/vabila\/wp-content\/uploads\/2022\/01\/vabila-za-poroke.jpg\" alt=\"\"\/><\/a><\/div><\/div>\n<\/div><\/div><\/div><\/div><\/div><\/section><section id=\"rsvp\" class=\"kc-elm kc-css-285723 kc_row\"><div class=\"kc-row-container  kc-container\"><div class=\"kc-wrap-columns\"><div class=\"kc-elm kc-css-292878 kc_col-sm-12 kc_column kc_col-sm-12\"><div class=\"kc-col-container\">   <div class=\"jolly-title-area  jolly-title-area-69ea0a394cd73\">\r\n     <div class=\"row\">\r\n        <div class=\"col col-lg-6 col-lg-offset-3 col-md-8 col-md-offset-2 col-sm-10 col-sm-offset-1\">\r\n          <div class=\"section-title\">\r\n                                <h2>Ali se boste udele\u017eili?<\/h2>\r\n                                 <p>Prosim potrdite ali se boste udele\u017eili poro\u010dnega obreda \r\nin\/ali po-poro\u010dne zabave!<\/p>\r\n                        <\/div>\r\n        <\/div>\r\n     <\/div>\r\n  <\/div>\r\n       <section class=\"contact-section  contact-section-69ea0a394cdb5 \">\r\n      <div class=\"row\">\r\n          <div class=\"col col-lg-10 col-lg-offset-1\">\r\n            <div class=\"contact-form\">\r\n              \n<div class=\"wpcf7 no-js\" id=\"wpcf7-f5-o1\" lang=\"en-US\" dir=\"ltr\" data-wpcf7-id=\"5\">\n<div class=\"screen-reader-response\"><p role=\"status\" aria-live=\"polite\" aria-atomic=\"true\"><\/p> <ul><\/ul><\/div>\n<form action=\"\/vabila\/wp-json\/wp\/v2\/pages\/658#wpcf7-f5-o1\" method=\"post\" class=\"wpcf7-form init\" aria-label=\"Contact form\" novalidate=\"novalidate\" data-status=\"init\">\n<fieldset class=\"hidden-fields-container\"><input type=\"hidden\" name=\"_wpcf7\" value=\"5\" \/><input type=\"hidden\" name=\"_wpcf7_version\" value=\"6.1.1\" \/><input type=\"hidden\" name=\"_wpcf7_locale\" value=\"en_US\" \/><input type=\"hidden\" name=\"_wpcf7_unit_tag\" value=\"wpcf7-f5-o1\" \/><input type=\"hidden\" name=\"_wpcf7_container_post\" value=\"0\" \/><input type=\"hidden\" name=\"_wpcf7_posted_data_hash\" value=\"\" \/>\n<\/fieldset>\n<div class=\"col col-sm-6\">\n\t<p><span class=\"wpcf7-form-control-wrap\" data-name=\"your-name\"><input size=\"40\" maxlength=\"400\" class=\"wpcf7-form-control wpcf7-text wpcf7-validates-as-required form-control\" aria-required=\"true\" aria-invalid=\"false\" placeholder=\"Ime in priimek *\" value=\"\" type=\"text\" name=\"your-name\" \/><\/span>\n\t<\/p>\n<\/div>\n<div class=\"col col-sm-6\">\n\t<p><span class=\"wpcf7-form-control-wrap\" data-name=\"your-email\"><input size=\"40\" maxlength=\"400\" class=\"wpcf7-form-control wpcf7-email wpcf7-validates-as-required wpcf7-text wpcf7-validates-as-email form-control\" aria-required=\"true\" aria-invalid=\"false\" value=\"E-po\u0161ta *\" type=\"email\" name=\"your-email\" \/><\/span>\n\t<\/p>\n<\/div>\n<div class=\"clear\">\n<\/div>\n<div class=\"col col-sm-6\">\n\t<p><span class=\"wpcf7-form-control-wrap\" data-name=\"tel-phone\"><input size=\"40\" maxlength=\"400\" class=\"wpcf7-form-control wpcf7-tel wpcf7-validates-as-required wpcf7-text wpcf7-validates-as-tel form-control\" aria-required=\"true\" aria-invalid=\"false\" placeholder=\"Telefonska \u0161tevilka *\" value=\"\" type=\"tel\" name=\"tel-phone\" \/><\/span>\n\t<\/p>\n<\/div>\n<div class=\"col col-sm-6\">\n\t<p><span class=\"wpcf7-form-control-wrap\" data-name=\"text-nrpeople\"><input size=\"40\" maxlength=\"400\" class=\"wpcf7-form-control wpcf7-text wpcf7-validates-as-required form-control\" aria-required=\"true\" aria-invalid=\"false\" placeholder=\"\u0160tevilo gostov *\" value=\"\" type=\"text\" name=\"text-nrpeople\" \/><\/span>\n\t<\/p>\n<\/div>\n<div class=\"clear\">\n<\/div>\n<div class=\"col col-sm-12 attendance-fix\">\n\t<p>Ali se boste udele\u017eili?<br \/>\n<span class=\"wpcf7-form-control-wrap\" data-name=\"radio-attendance\"><span class=\"wpcf7-form-control wpcf7-radio\"><span class=\"wpcf7-list-item first\"><label><input type=\"radio\" name=\"radio-attendance\" value=\"DA\" checked=\"checked\" \/><span class=\"wpcf7-list-item-label\">DA<\/span><\/label><\/span><span class=\"wpcf7-list-item last\"><label><input type=\"radio\" name=\"radio-attendance\" value=\"NE\" \/><span class=\"wpcf7-list-item-label\">NE<\/span><\/label><\/span><\/span><\/span>\n\t<\/p>\n<\/div>\n<div class=\"clear\">\n<\/div>\n<div class=\"col col-sm-12\">\n\t<p><span class=\"wpcf7-form-control-wrap\" data-name=\"your-message\"><textarea cols=\"40\" rows=\"10\" maxlength=\"2000\" class=\"wpcf7-form-control wpcf7-textarea form-control\" aria-invalid=\"false\" placeholder=\"Sporo\u010dilo (neobvezno)\" name=\"your-message\"><\/textarea><\/span>\n\t<\/p>\n<\/div>\n<div class=\"col col-sm-12 submit-btn\">\n\t<p><input class=\"wpcf7-form-control wpcf7-submit has-spinner theme-btn\" type=\"submit\" value=\"Oddajte RSVP\" \/>\n\t<\/p>\n<\/div>\n<div class=\"clear\">\n<\/div><div class=\"wpcf7-response-output\" aria-hidden=\"true\"><\/div>\n<\/form>\n<\/div>\n            <\/div>\r\n          <\/div>\r\n      <\/div>\r\n    <\/section>\r\n  <\/div><\/div><\/div><\/div><\/section><section data-kc-fullwidth=\"content\" class=\"kc-elm kc-css-174404 kc_row\"><div class=\"kc-row-container\"><div class=\"kc-wrap-columns\"><div class=\"kc-elm kc-css-398810 kc_col-sm-12 kc_column kc_col-sm-12\"><div class=\"kc-col-container\">    <footer class=\"site-footer footer-style-1  footer-style-1-69ea0a394e87c\" >\n        <div class=\"inner\">\n            <div class=\"couple-pic\">\n                <img decoding=\"async\" src=\"https:\/\/www.jangodec.com\/vabila\/wp-content\/uploads\/2022\/01\/inovativna-vabila.jpg\" alt=\"\">\n            <\/div>\n            <h2>Hvala<\/h2>\n            <ul class=\"social-links\">\n                          <\/ul>\n            <p>2022 \u00a9 Jan Godec. Ve\u010d o meni:               <a href=\"https:\/\/www.jangodec.com\/\">\n                 jangodec.com              <\/a>\n            <\/p>\n        <\/div>\n    <\/footer>\n   <\/div><\/div><\/div><\/div><\/section><\/p>\n","protected":false},"excerpt":{"rendered":"","protected":false},"author":1,"featured_media":0,"parent":0,"menu_order":0,"comment_status":"closed","ping_status":"closed","template":"","meta":{"footnotes":""},"class_list":["post-658","page","type-page","status-publish","hentry"],"_links":{"self":[{"href":"https:\/\/www.jangodec.com\/vabila\/wp-json\/wp\/v2\/pages\/658","targetHints":{"allow":["GET"]}}],"collection":[{"href":"https:\/\/www.jangodec.com\/vabila\/wp-json\/wp\/v2\/pages"}],"about":[{"href":"https:\/\/www.jangodec.com\/vabila\/wp-json\/wp\/v2\/types\/page"}],"author":[{"embeddable":true,"href":"https:\/\/www.jangodec.com\/vabila\/wp-json\/wp\/v2\/users\/1"}],"replies":[{"embeddable":true,"href":"https:\/\/www.jangodec.com\/vabila\/wp-json\/wp\/v2\/comments?post=658"}],"version-history":[{"count":5,"href":"https:\/\/www.jangodec.com\/vabila\/wp-json\/wp\/v2\/pages\/658\/revisions"}],"predecessor-version":[{"id":689,"href":"https:\/\/www.jangodec.com\/vabila\/wp-json\/wp\/v2\/pages\/658\/revisions\/689"}],"wp:attachment":[{"href":"https:\/\/www.jangodec.com\/vabila\/wp-json\/wp\/v2\/media?parent=658"}],"curies":[{"name":"wp","href":"https:\/\/api.w.org\/{rel}","templated":true}]}}